{"id":9,"date":"2020-01-14T11:11:24","date_gmt":"2020-01-14T10:11:24","guid":{"rendered":"https:\/\/parisavelo.fr\/commande\/"},"modified":"2020-01-14T12:33:56","modified_gmt":"2020-01-14T11:33:56","slug":"commande","status":"publish","type":"page","link":"https:\/\/parisavelo.fr\/en\/commande\/","title":{"rendered":"Order validation"},"content":{"rendered":"<p>[woocommerce_checkout]<\/p>\n","protected":false},"excerpt":{"rendered":"","protected":false},"author":1,"featured_media":0,"parent":0,"menu_order":0,"comment_status":"closed","ping_status":"closed","template":"","meta":{"_et_pb_use_builder":"","_et_pb_old_content":"","_et_gb_content_width":"","_monsterinsights_skip_tracking":false,"_monsterinsights_sitenote_active":false,"_monsterinsights_sitenote_note":"","_monsterinsights_sitenote_category":0,"footnotes":""},"class_list":["post-9","page","type-page","status-publish","hentry"],"yoast_head":"<!-- This site is optimized with the Yoast SEO plugin v26.5 - https:\/\/yoast.com\/wordpress\/plugins\/seo\/ -->\n<title>Validation de la commande - Paris \u00e0 V\u00e9lo<\/title>\n<meta name=\"robots\" content=\"index, follow, max-snippet:-1, max-image-preview:large, max-video-preview:-1\" \/>\n<link rel=\"canonical\" href=\"https:\/\/parisavelo.fr\/en\/commande\/\" \/>\n<meta property=\"og:locale\" content=\"en_GB\" \/>\n<meta property=\"og:type\" content=\"article\" \/>\n<meta property=\"og:title\" content=\"Validation de la commande - Paris \u00e0 V\u00e9lo\" \/>\n<meta property=\"og:url\" content=\"https:\/\/parisavelo.fr\/en\/commande\/\" \/>\n<meta property=\"og:site_name\" content=\"Paris \u00e0 V\u00e9lo\" \/>\n<meta property=\"article:publisher\" content=\"https:\/\/www.facebook.com\/parisavelo\/\" \/>\n<meta property=\"article:modified_time\" content=\"2020-01-14T11:33:56+00:00\" \/>\n<meta property=\"og:image\" content=\"https:\/\/parisavelo.fr\/wp-content\/uploads\/2020\/03\/ParisAvelo-logo9-decli-01.png\" \/>\n\t<meta property=\"og:image:width\" content=\"1064\" \/>\n\t<meta property=\"og:image:height\" content=\"1064\" \/>\n\t<meta property=\"og:image:type\" content=\"image\/png\" \/>\n<meta name=\"twitter:card\" content=\"summary_large_image\" \/>\n<meta name=\"twitter:site\" content=\"@Parisvelosympa\" \/>\n<script type=\"application\/ld+json\" class=\"yoast-schema-graph\">{\"@context\":\"https:\/\/schema.org\",\"@graph\":[{\"@type\":\"WebPage\",\"@id\":\"https:\/\/parisavelo.fr\/commande\/\",\"url\":\"https:\/\/parisavelo.fr\/commande\/\",\"name\":\"Validation de la commande - Paris \u00e0 V\u00e9lo\",\"isPartOf\":{\"@id\":\"https:\/\/parisavelo.fr\/#website\"},\"datePublished\":\"2020-01-14T10:11:24+00:00\",\"dateModified\":\"2020-01-14T11:33:56+00:00\",\"breadcrumb\":{\"@id\":\"https:\/\/parisavelo.fr\/commande\/#breadcrumb\"},\"inLanguage\":\"en-GB\",\"potentialAction\":[{\"@type\":\"ReadAction\",\"target\":[\"https:\/\/parisavelo.fr\/commande\/\"]}]},{\"@type\":\"BreadcrumbList\",\"@id\":\"https:\/\/parisavelo.fr\/commande\/#breadcrumb\",\"itemListElement\":[{\"@type\":\"ListItem\",\"position\":1,\"name\":\"Home\",\"item\":\"https:\/\/parisavelo.fr\/\"},{\"@type\":\"ListItem\",\"position\":2,\"name\":\"Validation de la commande\"}]},{\"@type\":\"WebSite\",\"@id\":\"https:\/\/parisavelo.fr\/#website\",\"url\":\"https:\/\/parisavelo.fr\/\",\"name\":\"Paris \u00e0 V\u00e9lo\",\"description\":\"Le v\u00e9lo \u00e0 Paris, la libert\u00e9\",\"publisher\":{\"@id\":\"https:\/\/parisavelo.fr\/#organization\"},\"potentialAction\":[{\"@type\":\"SearchAction\",\"target\":{\"@type\":\"EntryPoint\",\"urlTemplate\":\"https:\/\/parisavelo.fr\/?s={search_term_string}\"},\"query-input\":{\"@type\":\"PropertyValueSpecification\",\"valueRequired\":true,\"valueName\":\"search_term_string\"}}],\"inLanguage\":\"en-GB\"},{\"@type\":\"Organization\",\"@id\":\"https:\/\/parisavelo.fr\/#organization\",\"name\":\"Paris \u00e0 V\u00e9lo\",\"url\":\"https:\/\/parisavelo.fr\/\",\"logo\":{\"@type\":\"ImageObject\",\"inLanguage\":\"en-GB\",\"@id\":\"https:\/\/parisavelo.fr\/#\/schema\/logo\/image\/\",\"url\":\"https:\/\/parisavelo.fr\/wp-content\/uploads\/2020\/03\/ParisAvelo-logo9-decli-01.png\",\"contentUrl\":\"https:\/\/parisavelo.fr\/wp-content\/uploads\/2020\/03\/ParisAvelo-logo9-decli-01.png\",\"width\":1064,\"height\":1064,\"caption\":\"Paris \u00e0 V\u00e9lo\"},\"image\":{\"@id\":\"https:\/\/parisavelo.fr\/#\/schema\/logo\/image\/\"},\"sameAs\":[\"https:\/\/www.facebook.com\/parisavelo\/\",\"https:\/\/x.com\/Parisvelosympa\",\"https:\/\/www.instagram.com\/parisavelo_officiel\",\"https:\/\/www.linkedin.com\/company\/parisavelo\/\",\"https:\/\/www.pinterest.fr\/parisavelo\/\",\"https:\/\/www.youtube.com\/channel\/UCO5cKd2Zqyl2N8ptTHYAODw\"]}]}<\/script>\n<!-- \/ Yoast SEO plugin. -->","yoast_head_json":{"title":"Checkout - Paris \u00e0 V\u00e9lo","robots":{"index":"index","follow":"follow","max-snippet":"max-snippet:-1","max-image-preview":"max-image-preview:large","max-video-preview":"max-video-preview:-1"},"canonical":"https:\/\/parisavelo.fr\/en\/commande\/","og_locale":"en_GB","og_type":"article","og_title":"Validation de la commande - Paris \u00e0 V\u00e9lo","og_url":"https:\/\/parisavelo.fr\/en\/commande\/","og_site_name":"Paris \u00e0 V\u00e9lo","article_publisher":"https:\/\/www.facebook.com\/parisavelo\/","article_modified_time":"2020-01-14T11:33:56+00:00","og_image":[{"width":1064,"height":1064,"url":"https:\/\/parisavelo.fr\/wp-content\/uploads\/2020\/03\/ParisAvelo-logo9-decli-01.png","type":"image\/png"}],"twitter_card":"summary_large_image","twitter_site":"@Parisvelosympa","schema":{"@context":"https:\/\/schema.org","@graph":[{"@type":"WebPage","@id":"https:\/\/parisavelo.fr\/commande\/","url":"https:\/\/parisavelo.fr\/commande\/","name":"Checkout - Paris \u00e0 V\u00e9lo","isPartOf":{"@id":"https:\/\/parisavelo.fr\/#website"},"datePublished":"2020-01-14T10:11:24+00:00","dateModified":"2020-01-14T11:33:56+00:00","breadcrumb":{"@id":"https:\/\/parisavelo.fr\/commande\/#breadcrumb"},"inLanguage":"en-GB","potentialAction":[{"@type":"ReadAction","target":["https:\/\/parisavelo.fr\/commande\/"]}]},{"@type":"BreadcrumbList","@id":"https:\/\/parisavelo.fr\/commande\/#breadcrumb","itemListElement":[{"@type":"ListItem","position":1,"name":"Home","item":"https:\/\/parisavelo.fr\/"},{"@type":"ListItem","position":2,"name":"Validation de la commande"}]},{"@type":"WebSite","@id":"https:\/\/parisavelo.fr\/#website","url":"https:\/\/parisavelo.fr\/","name":"Paris \u00e0 V\u00e9lo","description":"The freedom of cycling in Paris","publisher":{"@id":"https:\/\/parisavelo.fr\/#organization"},"potentialAction":[{"@type":"SearchAction","target":{"@type":"EntryPoint","urlTemplate":"https:\/\/parisavelo.fr\/?s={search_term_string}"},"query-input":{"@type":"PropertyValueSpecification","valueRequired":true,"valueName":"search_term_string"}}],"inLanguage":"en-GB"},{"@type":"Organization","@id":"https:\/\/parisavelo.fr\/#organization","name":"Paris \u00e0 V\u00e9lo","url":"https:\/\/parisavelo.fr\/","logo":{"@type":"ImageObject","inLanguage":"en-GB","@id":"https:\/\/parisavelo.fr\/#\/schema\/logo\/image\/","url":"https:\/\/parisavelo.fr\/wp-content\/uploads\/2020\/03\/ParisAvelo-logo9-decli-01.png","contentUrl":"https:\/\/parisavelo.fr\/wp-content\/uploads\/2020\/03\/ParisAvelo-logo9-decli-01.png","width":1064,"height":1064,"caption":"Paris \u00e0 V\u00e9lo"},"image":{"@id":"https:\/\/parisavelo.fr\/#\/schema\/logo\/image\/"},"sameAs":["https:\/\/www.facebook.com\/parisavelo\/","https:\/\/x.com\/Parisvelosympa","https:\/\/www.instagram.com\/parisavelo_officiel","https:\/\/www.linkedin.com\/company\/parisavelo\/","https:\/\/www.pinterest.fr\/parisavelo\/","https:\/\/www.youtube.com\/channel\/UCO5cKd2Zqyl2N8ptTHYAODw"]}]}},"_links":{"self":[{"href":"https:\/\/parisavelo.fr\/en\/wp-json\/wp\/v2\/pages\/9","targetHints":{"allow":["GET"]}}],"collection":[{"href":"https:\/\/parisavelo.fr\/en\/wp-json\/wp\/v2\/pages"}],"about":[{"href":"https:\/\/parisavelo.fr\/en\/wp-json\/wp\/v2\/types\/page"}],"author":[{"embeddable":true,"href":"https:\/\/parisavelo.fr\/en\/wp-json\/wp\/v2\/users\/1"}],"replies":[{"embeddable":true,"href":"https:\/\/parisavelo.fr\/en\/wp-json\/wp\/v2\/comments?post=9"}],"version-history":[{"count":1,"href":"https:\/\/parisavelo.fr\/en\/wp-json\/wp\/v2\/pages\/9\/revisions"}],"predecessor-version":[{"id":48,"href":"https:\/\/parisavelo.fr\/en\/wp-json\/wp\/v2\/pages\/9\/revisions\/48"}],"wp:attachment":[{"href":"https:\/\/parisavelo.fr\/en\/wp-json\/wp\/v2\/media?parent=9"}],"curies":[{"name":"wp","href":"https:\/\/api.w.org\/{rel}","templated":true}]}}